{"id":11,"date":"2015-09-03T14:20:55","date_gmt":"2015-09-03T13:20:55","guid":{"rendered":"http:\/\/tonitugues.com\/?page_id=11"},"modified":"2023-03-08T13:54:05","modified_gmt":"2023-03-08T12:54:05","slug":"televisio","status":"publish","type":"page","link":"http:\/\/tonitugues.com\/?page_id=11","title":{"rendered":"televisi\u00f3"},"content":{"rendered":"<p>A m\u00e9s a m\u00e9s de fotografia, tamb\u00e9 he fet televisi\u00f3 i v\u00eddeo professional. Durant m\u00e9s de 25 anys treballo en empreses del sector audiovisual, com a <strong>realitzador<\/strong>, <strong>operador de c\u00e0mera<\/strong> i <strong>muntador<\/strong> a informatius de tv, publicitat, programes, documentals, talent shows, competicions esportives, v\u00eddeos industrials, corporatius i d&#8217;aprenentatge, concerts, campionats nacionals de balls de sal\u00f3, videoclips, actes institucionals, etc..<\/p>\n<p>\/\/ LVP, WREC, FANDROID ENTERTAINMENT, TVE, GESTMUSIC, TV3, TELE 5, CITY TV, MTV It\u00e0lia, GRAU LUMINOT\u00c8CNIA, INFINIA, V.A.V., CANAL BAR\u00c7A, MADSHOOTS, GLOBALNAIRA, ORBITAMAX, INEDIT TV, STEADYMON, GRUES MUXART, FILMTEL, MEDIAPRO, MOEBIUS TV, GRUP LAVINIA, REIVAX FILMS, EN EFECTO, VIA DIGITAL-MEDIAPARK, MERIDIANO RAID, BTV, RADIO TELETAXI \/\/<\/p>\n<p style=\"text-align: justify;\">Aqu\u00ed\u00a0tens\u00a0un min\u00fascul\u00a0resum\u00a0d&#8217;alguna\u00a0de les produccions de v\u00eddeo\/tv\u00a0en les quals he\u00a0participat.<\/p>\n<p>* Com a <strong>realitzador <\/strong>\/<strong> muntador<\/strong>\u00a0en el documental em\u00e8s a\u00a0<strong><a href=\"http:\/\/www.btv.cat\/btvnoticies\/2010\/12\/29\/btv-estrena-el-documental-els-padrins-de-lionel\/\" target=\"_blank\" rel=\"noopener noreferrer\">BTV<\/a><\/strong> <em>\u00abEls padrins de Lionel\u00bb<\/em>, per la productora <span style=\"color: #999999;\"><strong>PIMAXDOS TV<\/strong><\/span>. \/\/ edici\u00f3 FCP 7 \/\/\u00a0<a href=\"https:\/\/www.facebook.com\/elspadrinsdelionel\" target=\"_blank\" rel=\"noopener noreferrer\">Facebook del documental<\/a>. \/\/ (aqu\u00ed en teniu un petit fragment)<\/p>\n<p><a href=\"https:\/\/vimeo.com\/139966811\" target=\"_blank\" rel=\"noopener noreferrer\"><img loading=\"lazy\" decoding=\"async\" class=\"alignnone wp-image-651 size-full\" src=\"http:\/\/tonitugues.com\/wp-content\/uploads\/2015\/09\/tonitugues_video_leo_vimeo.png\" alt=\"tonitugues_video_leo_vimeo\" width=\"600\" height=\"354\" \/><\/a><\/p>\n<p>*\u00a0Com a\u00a0<strong>foquista<\/strong>\u00a0\/ <strong>il\u00b7luminador<\/strong> en el v\u00eddeo <em>\u00bfC\u00f3mo se fabrica un aud\u00edfono?,<\/em> per la productora\u00a0<span style=\"color: #999999;\"><strong>STEADYMON<\/strong><\/span>.<\/p>\n<p><iframe loading=\"lazy\" title=\"YouTube video player\" src=\"https:\/\/www.youtube.com\/embed\/EKLQfVMm33Y\" width=\"600\" height=\"354\" frameborder=\"0\" allowfullscreen=\"allowfullscreen\"><\/iframe><\/p>\n<p>*\u00a0Com a\u00a0<strong>foquista <\/strong>\/<strong> il\u00b7luminador<\/strong> en el v\u00eddeo <em>\u00abUOC, la primera universitat a la xarxa\u00bb<\/em> per la productora <strong>ORBITAMAX<\/strong>.<\/p>\n<p><iframe loading=\"lazy\" title=\"YouTube video player\" src=\"https:\/\/www.youtube.com\/embed\/qjbunEPyQUA\" width=\"600\" height=\"354\" frameborder=\"0\" allowfullscreen=\"allowfullscreen\"><\/iframe><\/p>\n<p>*\u00a0Com <strong>ajudant d&#8217;steadycam<\/strong> en el videoclip <em>\u00abDonde\u00bb de Ana Torroja<\/em>, per la productora <span style=\"color: #000000;\"><strong><a style=\"color: #000000;\" href=\"http:\/\/www.flinsypiniculas.com\/\" target=\"_blank\" rel=\"noopener noreferrer\">FLINS Y PINICULAS<\/a><\/strong><\/span>.<\/p>\n<p><iframe loading=\"lazy\" title=\"YouTube video player\" src=\"https:\/\/www.youtube.com\/embed\/9Ry-TcZS7_Y\" width=\"600\" height=\"354\" frameborder=\"0\" allowfullscreen=\"allowfullscreen\"><\/iframe><\/p>\n<p>* Com a\u00a0<strong>operador de cap calent<\/strong> al documental \u00ab<em>L&#8217;altra Barcelona<\/em>\u00bb per la productora <a href=\"https:\/\/es.avvideo.cat\/\" target=\"_blank\" rel=\"noopener\"><span style=\"color: #000000;\"><strong>AVVIDEO<\/strong><\/span><\/a> i em\u00e8s\u00a0a <span style=\"color: #999999;\"><strong>TV3<\/strong><\/span>. \/\/ (aqu\u00ed en teniu un petit fragment)<\/p>\n<p><a href=\"https:\/\/vimeo.com\/139967074\" target=\"_blank\" rel=\"noopener noreferrer\"><img loading=\"lazy\" decoding=\"async\" class=\"alignnone wp-image-656 size-full\" src=\"http:\/\/tonitugues.com\/wp-content\/uploads\/2015\/09\/tonitugues_video_altra_bcn_vimeo.png\" alt=\"tonitugues_video_altra_bcn_vimeo\" width=\"600\" height=\"354\" \/><\/a><\/p>\n<p>* Com a <strong>muntador <\/strong>de<strong>\u00a0<\/strong>documentals com el <em>\u00abCosta Rica &#8211; Adventure Race 2010\u00bb<\/em> i els <em>\u00abBimbache Extrem &#8211; Castilla y Le\u00f3n\u00bb<\/em>, per la productora <span style=\"color: #999999;\"><strong>GLOBALNAIRA TV <\/strong><span style=\"color: #000000;\">i <strong><a style=\"color: #000000;\" href=\"http:\/\/www.meridianoraid.com\/\" target=\"_blank\" rel=\"noopener noreferrer\">MERIDIANO RAID<\/a><\/strong><\/span><\/span>. \/\/ edici\u00f3 FCP 7 &#8211; FCP X.<\/p>\n<p><iframe loading=\"lazy\" title=\"YouTube video player\" src=\"https:\/\/www.youtube.com\/embed\/F5G5_-n8u7Y\" width=\"600\" height=\"354\" frameborder=\"0\" allowfullscreen=\"allowfullscreen\"><\/iframe><\/p>\n<p><iframe loading=\"lazy\" title=\"YouTube video player\" src=\"https:\/\/www.youtube.com\/embed\/y5nKCj74GKE\" width=\"600\" height=\"354\" frameborder=\"0\" allowfullscreen=\"allowfullscreen\"><\/iframe><\/p>\n<p style=\"text-align: justify;\">\n","protected":false},"excerpt":{"rendered":"<p>A m\u00e9s a m\u00e9s de fotografia, tamb\u00e9 he fet televisi\u00f3 i v\u00eddeo professional. Durant m\u00e9s de 25 anys treballo en empreses del sector audiovisual, com a realitzador, operador de c\u00e0mera i muntador a informatius de tv, publicitat, programes, documentals, talent shows, competicions esportives, v\u00eddeos industrials, corporatius i d&#8217;aprenentatge, concerts, campionats nacionals de balls de sal\u00f3, &hellip; <\/p>\n<p class=\"link-more\"><a href=\"http:\/\/tonitugues.com\/?page_id=11\" class=\"more-link\">Seguir leyendo<span class=\"screen-reader-text\"> \u00abtelevisi\u00f3\u00bb<\/span><\/a><\/p>\n","protected":false},"author":1,"featured_media":0,"parent":0,"menu_order":0,"comment_status":"closed","ping_status":"closed","template":"","meta":{"footnotes":""},"class_list":["post-11","page","type-page","status-publish","hentry","entry"],"_links":{"self":[{"href":"http:\/\/tonitugues.com\/index.php?rest_route=\/wp\/v2\/pages\/11","targetHints":{"allow":["GET"]}}],"collection":[{"href":"http:\/\/tonitugues.com\/index.php?rest_route=\/wp\/v2\/pages"}],"about":[{"href":"http:\/\/tonitugues.com\/index.php?rest_route=\/wp\/v2\/types\/page"}],"author":[{"embeddable":true,"href":"http:\/\/tonitugues.com\/index.php?rest_route=\/wp\/v2\/users\/1"}],"replies":[{"embeddable":true,"href":"http:\/\/tonitugues.com\/index.php?rest_route=%2Fwp%2Fv2%2Fcomments&post=11"}],"version-history":[{"count":263,"href":"http:\/\/tonitugues.com\/index.php?rest_route=\/wp\/v2\/pages\/11\/revisions"}],"predecessor-version":[{"id":1311,"href":"http:\/\/tonitugues.com\/index.php?rest_route=\/wp\/v2\/pages\/11\/revisions\/1311"}],"wp:attachment":[{"href":"http:\/\/tonitugues.com\/index.php?rest_route=%2Fwp%2Fv2%2Fmedia&parent=11"}],"curies":[{"name":"wp","href":"https:\/\/api.w.org\/{rel}","templated":true}]}}