{"id":1102,"date":"2023-03-07T16:33:55","date_gmt":"2023-03-07T15:33:55","guid":{"rendered":"http:\/\/tonitugues.com\/?page_id=1102"},"modified":"2023-03-07T16:36:05","modified_gmt":"2023-03-07T15:36:05","slug":"don-juan","status":"publish","type":"page","link":"http:\/\/tonitugues.com\/?page_id=1102","title":{"rendered":"don juan"},"content":{"rendered":"<script>fsg_json['fsg_post_1102'] = [\n{id: 472, image: 'http:\/\/tonitugues.com\/wp-content\/uploads\/2015\/09\/toni_tugues_don_juan_05.jpg', extlink: '', thumb: 'http:\/\/tonitugues.com\/wp-content\/uploads\/2015\/09\/toni_tugues_don_juan_05-150x150.jpg', permalink: ''},\n{id: 478, image: 'http:\/\/tonitugues.com\/wp-content\/uploads\/2015\/09\/toni_tugues_don_juan_11.jpg', extlink: '', thumb: 'http:\/\/tonitugues.com\/wp-content\/uploads\/2015\/09\/toni_tugues_don_juan_11-150x150.jpg', permalink: ''},\n{id: 476, image: 'http:\/\/tonitugues.com\/wp-content\/uploads\/2015\/09\/toni_tugues_don_juan_09.jpg', extlink: '', thumb: 'http:\/\/tonitugues.com\/wp-content\/uploads\/2015\/09\/toni_tugues_don_juan_09-150x150.jpg', permalink: ''},\n{id: 474, image: 'http:\/\/tonitugues.com\/wp-content\/uploads\/2015\/09\/toni_tugues_don_juan_07.jpg', extlink: '', thumb: 'http:\/\/tonitugues.com\/wp-content\/uploads\/2015\/09\/toni_tugues_don_juan_07-150x150.jpg', permalink: ''},\n{id: 473, image: 'http:\/\/tonitugues.com\/wp-content\/uploads\/2015\/09\/toni_tugues_don_juan_06.jpg', extlink: '', thumb: 'http:\/\/tonitugues.com\/wp-content\/uploads\/2015\/09\/toni_tugues_don_juan_06-150x150.jpg', permalink: ''},\n{id: 480, image: 'http:\/\/tonitugues.com\/wp-content\/uploads\/2015\/09\/toni_tugues_don_juan_13.jpg', extlink: '', thumb: 'http:\/\/tonitugues.com\/wp-content\/uploads\/2015\/09\/toni_tugues_don_juan_13-150x150.jpg', permalink: ''},\n{id: 477, image: 'http:\/\/tonitugues.com\/wp-content\/uploads\/2015\/09\/toni_tugues_don_juan_10.jpg', extlink: '', thumb: 'http:\/\/tonitugues.com\/wp-content\/uploads\/2015\/09\/toni_tugues_don_juan_10-150x150.jpg', permalink: ''},\n{id: 471, image: 'http:\/\/tonitugues.com\/wp-content\/uploads\/2015\/09\/toni_tugues_don_juan_04.jpg', extlink: '', thumb: 'http:\/\/tonitugues.com\/wp-content\/uploads\/2015\/09\/toni_tugues_don_juan_04-150x150.jpg', permalink: ''},\n{id: 481, image: 'http:\/\/tonitugues.com\/wp-content\/uploads\/2015\/09\/toni_tugues_don_juan_03.jpg', extlink: '', thumb: 'http:\/\/tonitugues.com\/wp-content\/uploads\/2015\/09\/toni_tugues_don_juan_03-150x150.jpg', permalink: ''},\n{id: 468, image: 'http:\/\/tonitugues.com\/wp-content\/uploads\/2015\/09\/toni_tugues_don_juan_01.jpg', extlink: '', thumb: 'http:\/\/tonitugues.com\/wp-content\/uploads\/2015\/09\/toni_tugues_don_juan_01-150x150.jpg', permalink: ''},\n{id: 475, image: 'http:\/\/tonitugues.com\/wp-content\/uploads\/2015\/09\/toni_tugues_don_juan_08.jpg', extlink: '', thumb: 'http:\/\/tonitugues.com\/wp-content\/uploads\/2015\/09\/toni_tugues_don_juan_08-150x150.jpg', permalink: ''},\n{id: 479, image: 'http:\/\/tonitugues.com\/wp-content\/uploads\/2015\/09\/toni_tugues_don_juan_12.jpg', extlink: '', thumb: 'http:\/\/tonitugues.com\/wp-content\/uploads\/2015\/09\/toni_tugues_don_juan_12-150x150.jpg', permalink: ''},\n{id: 469, image: 'http:\/\/tonitugues.com\/wp-content\/uploads\/2015\/09\/toni_tugues_don_juan_02.jpg', extlink: '', thumb: 'http:\/\/tonitugues.com\/wp-content\/uploads\/2015\/09\/toni_tugues_don_juan_02-150x150.jpg', permalink: ''}\n];<\/script>\n<p>Don Juan dissenya\u00a0carteres de m\u00e0 per transportar la\u00a0tauleta, el\u00a0tel\u00e8fon, l\u2019ordinador port\u00e0til, o simplement documents. S\u00f3n carteres de pell fetes artesanalment, fetes a m\u00e0. Diferents, amb estil, agradables al tacte. La pell que utilitzen \u00e9s de vaca i c\u00e9rvol.<\/p>\n<p>Les fotografies d\u2019aquest enc\u00e0rrec s\u00f3n per posar a la botiga on line del seu web, que ben aviat ser\u00e0 operatiu.<\/p>\n<div id='gallery-1' class='gallery galleryid-1102 gallery-columns-6 gallery-size-thumbnail'><figure class='gallery-item'>\n\t\t\t<div class='gallery-icon landscape'>\n\t\t\t\t<a data-postid=\"fsg_post_1102\" data-imgid=\"472\" href='http:\/\/tonitugues.com\/wp-content\/uploads\/2015\/09\/toni_tugues_don_juan_05.jpg'><img loading=\"lazy\" decoding=\"async\" width=\"150\" height=\"150\" src=\"http:\/\/tonitugues.com\/wp-content\/uploads\/2015\/09\/toni_tugues_don_juan_05-150x150.jpg\" class=\"attachment-thumbnail size-thumbnail\" alt=\"\" sizes=\"auto, (max-width: 34.9rem) calc(100vw - 2rem), (max-width: 53rem) calc(8 * (100vw \/ 12)), (min-width: 53rem) calc(6 * (100vw \/ 12)), 100vw\" \/><\/a>\n\t\t\t<\/div><\/figure><figure class='gallery-item'>\n\t\t\t<div class='gallery-icon landscape'>\n\t\t\t\t<a data-postid=\"fsg_post_1102\" data-imgid=\"478\" href='http:\/\/tonitugues.com\/wp-content\/uploads\/2015\/09\/toni_tugues_don_juan_11.jpg'><img loading=\"lazy\" decoding=\"async\" width=\"150\" height=\"150\" src=\"http:\/\/tonitugues.com\/wp-content\/uploads\/2015\/09\/toni_tugues_don_juan_11-150x150.jpg\" class=\"attachment-thumbnail size-thumbnail\" alt=\"\" sizes=\"auto, (max-width: 34.9rem) calc(100vw - 2rem), (max-width: 53rem) calc(8 * (100vw \/ 12)), (min-width: 53rem) calc(6 * (100vw \/ 12)), 100vw\" \/><\/a>\n\t\t\t<\/div><\/figure><figure class='gallery-item'>\n\t\t\t<div class='gallery-icon landscape'>\n\t\t\t\t<a data-postid=\"fsg_post_1102\" data-imgid=\"476\" href='http:\/\/tonitugues.com\/wp-content\/uploads\/2015\/09\/toni_tugues_don_juan_09.jpg'><img loading=\"lazy\" decoding=\"async\" width=\"150\" height=\"150\" src=\"http:\/\/tonitugues.com\/wp-content\/uploads\/2015\/09\/toni_tugues_don_juan_09-150x150.jpg\" class=\"attachment-thumbnail size-thumbnail\" alt=\"\" sizes=\"auto, (max-width: 34.9rem) calc(100vw - 2rem), (max-width: 53rem) calc(8 * (100vw \/ 12)), (min-width: 53rem) calc(6 * (100vw \/ 12)), 100vw\" \/><\/a>\n\t\t\t<\/div><\/figure><figure class='gallery-item'>\n\t\t\t<div class='gallery-icon landscape'>\n\t\t\t\t<a data-postid=\"fsg_post_1102\" data-imgid=\"474\" href='http:\/\/tonitugues.com\/wp-content\/uploads\/2015\/09\/toni_tugues_don_juan_07.jpg'><img loading=\"lazy\" decoding=\"async\" width=\"150\" height=\"150\" src=\"http:\/\/tonitugues.com\/wp-content\/uploads\/2015\/09\/toni_tugues_don_juan_07-150x150.jpg\" class=\"attachment-thumbnail size-thumbnail\" alt=\"\" sizes=\"auto, (max-width: 34.9rem) calc(100vw - 2rem), (max-width: 53rem) calc(8 * (100vw \/ 12)), (min-width: 53rem) calc(6 * (100vw \/ 12)), 100vw\" \/><\/a>\n\t\t\t<\/div><\/figure><figure class='gallery-item'>\n\t\t\t<div class='gallery-icon landscape'>\n\t\t\t\t<a data-postid=\"fsg_post_1102\" data-imgid=\"473\" href='http:\/\/tonitugues.com\/wp-content\/uploads\/2015\/09\/toni_tugues_don_juan_06.jpg'><img loading=\"lazy\" decoding=\"async\" width=\"150\" height=\"150\" src=\"http:\/\/tonitugues.com\/wp-content\/uploads\/2015\/09\/toni_tugues_don_juan_06-150x150.jpg\" class=\"attachment-thumbnail size-thumbnail\" alt=\"\" sizes=\"auto, (max-width: 34.9rem) calc(100vw - 2rem), (max-width: 53rem) calc(8 * (100vw \/ 12)), (min-width: 53rem) calc(6 * (100vw \/ 12)), 100vw\" \/><\/a>\n\t\t\t<\/div><\/figure><figure class='gallery-item'>\n\t\t\t<div class='gallery-icon landscape'>\n\t\t\t\t<a data-postid=\"fsg_post_1102\" data-imgid=\"480\" href='http:\/\/tonitugues.com\/wp-content\/uploads\/2015\/09\/toni_tugues_don_juan_13.jpg'><img loading=\"lazy\" decoding=\"async\" width=\"150\" height=\"150\" src=\"http:\/\/tonitugues.com\/wp-content\/uploads\/2015\/09\/toni_tugues_don_juan_13-150x150.jpg\" class=\"attachment-thumbnail size-thumbnail\" alt=\"\" sizes=\"auto, (max-width: 34.9rem) calc(100vw - 2rem), (max-width: 53rem) calc(8 * (100vw \/ 12)), (min-width: 53rem) calc(6 * (100vw \/ 12)), 100vw\" \/><\/a>\n\t\t\t<\/div><\/figure><figure class='gallery-item'>\n\t\t\t<div class='gallery-icon landscape'>\n\t\t\t\t<a data-postid=\"fsg_post_1102\" data-imgid=\"477\" href='http:\/\/tonitugues.com\/wp-content\/uploads\/2015\/09\/toni_tugues_don_juan_10.jpg'><img loading=\"lazy\" decoding=\"async\" width=\"150\" height=\"150\" src=\"http:\/\/tonitugues.com\/wp-content\/uploads\/2015\/09\/toni_tugues_don_juan_10-150x150.jpg\" class=\"attachment-thumbnail size-thumbnail\" alt=\"\" sizes=\"auto, (max-width: 34.9rem) calc(100vw - 2rem), (max-width: 53rem) calc(8 * (100vw \/ 12)), (min-width: 53rem) calc(6 * (100vw \/ 12)), 100vw\" \/><\/a>\n\t\t\t<\/div><\/figure><figure class='gallery-item'>\n\t\t\t<div class='gallery-icon landscape'>\n\t\t\t\t<a data-postid=\"fsg_post_1102\" data-imgid=\"471\" href='http:\/\/tonitugues.com\/wp-content\/uploads\/2015\/09\/toni_tugues_don_juan_04.jpg'><img loading=\"lazy\" decoding=\"async\" width=\"150\" height=\"150\" src=\"http:\/\/tonitugues.com\/wp-content\/uploads\/2015\/09\/toni_tugues_don_juan_04-150x150.jpg\" class=\"attachment-thumbnail size-thumbnail\" alt=\"\" sizes=\"auto, (max-width: 34.9rem) calc(100vw - 2rem), (max-width: 53rem) calc(8 * (100vw \/ 12)), (min-width: 53rem) calc(6 * (100vw \/ 12)), 100vw\" \/><\/a>\n\t\t\t<\/div><\/figure><figure class='gallery-item'>\n\t\t\t<div class='gallery-icon landscape'>\n\t\t\t\t<a data-postid=\"fsg_post_1102\" data-imgid=\"481\" href='http:\/\/tonitugues.com\/wp-content\/uploads\/2015\/09\/toni_tugues_don_juan_03.jpg'><img loading=\"lazy\" decoding=\"async\" width=\"150\" height=\"150\" src=\"http:\/\/tonitugues.com\/wp-content\/uploads\/2015\/09\/toni_tugues_don_juan_03-150x150.jpg\" class=\"attachment-thumbnail size-thumbnail\" alt=\"\" sizes=\"auto, (max-width: 34.9rem) calc(100vw - 2rem), (max-width: 53rem) calc(8 * (100vw \/ 12)), (min-width: 53rem) calc(6 * (100vw \/ 12)), 100vw\" \/><\/a>\n\t\t\t<\/div><\/figure><figure class='gallery-item'>\n\t\t\t<div class='gallery-icon landscape'>\n\t\t\t\t<a data-postid=\"fsg_post_1102\" data-imgid=\"468\" href='http:\/\/tonitugues.com\/wp-content\/uploads\/2015\/09\/toni_tugues_don_juan_01.jpg'><img loading=\"lazy\" decoding=\"async\" width=\"150\" height=\"150\" src=\"http:\/\/tonitugues.com\/wp-content\/uploads\/2015\/09\/toni_tugues_don_juan_01-150x150.jpg\" class=\"attachment-thumbnail size-thumbnail\" alt=\"\" sizes=\"auto, (max-width: 34.9rem) calc(100vw - 2rem), (max-width: 53rem) calc(8 * (100vw \/ 12)), (min-width: 53rem) calc(6 * (100vw \/ 12)), 100vw\" \/><\/a>\n\t\t\t<\/div><\/figure><figure class='gallery-item'>\n\t\t\t<div class='gallery-icon landscape'>\n\t\t\t\t<a data-postid=\"fsg_post_1102\" data-imgid=\"475\" href='http:\/\/tonitugues.com\/wp-content\/uploads\/2015\/09\/toni_tugues_don_juan_08.jpg'><img loading=\"lazy\" decoding=\"async\" width=\"150\" height=\"150\" src=\"http:\/\/tonitugues.com\/wp-content\/uploads\/2015\/09\/toni_tugues_don_juan_08-150x150.jpg\" class=\"attachment-thumbnail size-thumbnail\" alt=\"\" sizes=\"auto, (max-width: 34.9rem) calc(100vw - 2rem), (max-width: 53rem) calc(8 * (100vw \/ 12)), (min-width: 53rem) calc(6 * (100vw \/ 12)), 100vw\" \/><\/a>\n\t\t\t<\/div><\/figure><figure class='gallery-item'>\n\t\t\t<div class='gallery-icon landscape'>\n\t\t\t\t<a data-postid=\"fsg_post_1102\" data-imgid=\"479\" href='http:\/\/tonitugues.com\/wp-content\/uploads\/2015\/09\/toni_tugues_don_juan_12.jpg'><img loading=\"lazy\" decoding=\"async\" width=\"150\" height=\"150\" src=\"http:\/\/tonitugues.com\/wp-content\/uploads\/2015\/09\/toni_tugues_don_juan_12-150x150.jpg\" class=\"attachment-thumbnail size-thumbnail\" alt=\"\" sizes=\"auto, (max-width: 34.9rem) calc(100vw - 2rem), (max-width: 53rem) calc(8 * (100vw \/ 12)), (min-width: 53rem) calc(6 * (100vw \/ 12)), 100vw\" \/><\/a>\n\t\t\t<\/div><\/figure><figure class='gallery-item'>\n\t\t\t<div class='gallery-icon landscape'>\n\t\t\t\t<a data-postid=\"fsg_post_1102\" data-imgid=\"469\" href='http:\/\/tonitugues.com\/wp-content\/uploads\/2015\/09\/toni_tugues_don_juan_02.jpg'><img loading=\"lazy\" decoding=\"async\" width=\"150\" height=\"150\" src=\"http:\/\/tonitugues.com\/wp-content\/uploads\/2015\/09\/toni_tugues_don_juan_02-150x150.jpg\" class=\"attachment-thumbnail size-thumbnail\" alt=\"\" sizes=\"auto, (max-width: 34.9rem) calc(100vw - 2rem), (max-width: 53rem) calc(8 * (100vw \/ 12)), (min-width: 53rem) calc(6 * (100vw \/ 12)), 100vw\" \/><\/a>\n\t\t\t<\/div><\/figure>\n\t\t<\/div>\n\n","protected":false},"excerpt":{"rendered":"<p>Don Juan dissenya\u00a0carteres de m\u00e0 per transportar la\u00a0tauleta, el\u00a0tel\u00e8fon, l\u2019ordinador port\u00e0til, o simplement documents. S\u00f3n carteres de pell fetes artesanalment, fetes a m\u00e0. Diferents, amb estil, agradables al tacte. La pell que utilitzen \u00e9s de vaca i c\u00e9rvol. Les fotografies d\u2019aquest enc\u00e0rrec s\u00f3n per posar a la botiga on line del seu web, que ben &hellip; <\/p>\n<p class=\"link-more\"><a href=\"http:\/\/tonitugues.com\/?page_id=1102\" class=\"more-link\">Seguir leyendo<span class=\"screen-reader-text\"> \u00abdon juan\u00bb<\/span><\/a><\/p>\n","protected":false},"author":1,"featured_media":0,"parent":0,"menu_order":0,"comment_status":"closed","ping_status":"closed","template":"","meta":{"footnotes":""},"class_list":["post-1102","page","type-page","status-publish","hentry","entry"],"_links":{"self":[{"href":"http:\/\/tonitugues.com\/index.php?rest_route=\/wp\/v2\/pages\/1102","targetHints":{"allow":["GET"]}}],"collection":[{"href":"http:\/\/tonitugues.com\/index.php?rest_route=\/wp\/v2\/pages"}],"about":[{"href":"http:\/\/tonitugues.com\/index.php?rest_route=\/wp\/v2\/types\/page"}],"author":[{"embeddable":true,"href":"http:\/\/tonitugues.com\/index.php?rest_route=\/wp\/v2\/users\/1"}],"replies":[{"embeddable":true,"href":"http:\/\/tonitugues.com\/index.php?rest_route=%2Fwp%2Fv2%2Fcomments&post=1102"}],"version-history":[{"count":2,"href":"http:\/\/tonitugues.com\/index.php?rest_route=\/wp\/v2\/pages\/1102\/revisions"}],"predecessor-version":[{"id":1106,"href":"http:\/\/tonitugues.com\/index.php?rest_route=\/wp\/v2\/pages\/1102\/revisions\/1106"}],"wp:attachment":[{"href":"http:\/\/tonitugues.com\/index.php?rest_route=%2Fwp%2Fv2%2Fmedia&parent=1102"}],"curies":[{"name":"wp","href":"https:\/\/api.w.org\/{rel}","templated":true}]}}