{"id":1202,"date":"2023-03-07T19:00:08","date_gmt":"2023-03-07T18:00:08","guid":{"rendered":"http:\/\/tonitugues.com\/?page_id=1202"},"modified":"2023-03-09T16:40:12","modified_gmt":"2023-03-09T15:40:12","slug":"perfils","status":"publish","type":"page","link":"http:\/\/tonitugues.com\/?page_id=1202","title":{"rendered":"perfils"},"content":{"rendered":"<script>fsg_json['fsg_post_1202'] = [\n{id: 615, image: 'http:\/\/tonitugues.com\/wp-content\/uploads\/2015\/09\/toni_tugues_perfils_08.jpg', extlink: '', thumb: 'http:\/\/tonitugues.com\/wp-content\/uploads\/2015\/09\/toni_tugues_perfils_08-150x150.jpg', permalink: ''},\n{id: 607, image: 'http:\/\/tonitugues.com\/wp-content\/uploads\/2015\/09\/toni_tugues_perfils_00.jpg', extlink: '', thumb: 'http:\/\/tonitugues.com\/wp-content\/uploads\/2015\/09\/toni_tugues_perfils_00-150x150.jpg', permalink: ''},\n{id: 612, image: 'http:\/\/tonitugues.com\/wp-content\/uploads\/2015\/09\/toni_tugues_perfils_05.jpg', extlink: '', thumb: 'http:\/\/tonitugues.com\/wp-content\/uploads\/2015\/09\/toni_tugues_perfils_05-150x150.jpg', permalink: ''},\n{id: 613, image: 'http:\/\/tonitugues.com\/wp-content\/uploads\/2015\/09\/toni_tugues_perfils_06.jpg', extlink: '', thumb: 'http:\/\/tonitugues.com\/wp-content\/uploads\/2015\/09\/toni_tugues_perfils_06-150x150.jpg', permalink: ''},\n{id: 608, image: 'http:\/\/tonitugues.com\/wp-content\/uploads\/2015\/09\/toni_tugues_perfils_01.jpg', extlink: '', thumb: 'http:\/\/tonitugues.com\/wp-content\/uploads\/2015\/09\/toni_tugues_perfils_01-150x150.jpg', permalink: ''},\n{id: 609, image: 'http:\/\/tonitugues.com\/wp-content\/uploads\/2015\/09\/toni_tugues_perfils_02.jpg', extlink: '', thumb: 'http:\/\/tonitugues.com\/wp-content\/uploads\/2015\/09\/toni_tugues_perfils_02-150x150.jpg', permalink: ''},\n{id: 611, image: 'http:\/\/tonitugues.com\/wp-content\/uploads\/2015\/09\/toni_tugues_perfils_04.jpg', extlink: '', thumb: 'http:\/\/tonitugues.com\/wp-content\/uploads\/2015\/09\/toni_tugues_perfils_04-150x150.jpg', permalink: ''},\n{id: 610, image: 'http:\/\/tonitugues.com\/wp-content\/uploads\/2015\/09\/toni_tugues_perfils_03.jpg', extlink: '', thumb: 'http:\/\/tonitugues.com\/wp-content\/uploads\/2015\/09\/toni_tugues_perfils_03-150x150.jpg', permalink: ''},\n{id: 614, image: 'http:\/\/tonitugues.com\/wp-content\/uploads\/2015\/09\/toni_tugues_perfils_07.jpg', extlink: '', thumb: 'http:\/\/tonitugues.com\/wp-content\/uploads\/2015\/09\/toni_tugues_perfils_07-150x150.jpg', permalink: ''}\n];<\/script>\n<p>Aquesta secci\u00f3 \u00e9s per amor a l\u2019art. M\u2019explico. Quan tinc temps i puc fer coincidir l\u2019agenda amb algun amic o conegut,\u00a0m\u2019agrada fer-li una fotografia, que sempre \u00e9s m\u00e9s d\u2019una, i escriure una petita pinzellada de la seva vida. Sigui actual o passada. S\u00f3n sessions tranquil\u00b7les, de xarrera, d\u2019anar fent. Al final sempre surt una mirada, una expressi\u00f3 que defineix aquella persona. \u00c9s com si l\u2019\u00e0nima perd\u00e9s la vergonya i sort\u00eds per poder-la atrapar en una fotografia\u2026 i sempre acaba sortint.<\/p>\n<p>Les \u00e0nimes que de moment s\u2019han deixat retratar, les teniu aqu\u00ed. Les seves hist\u00f2ries les podeu llegir en aquest <a href=\"http:\/\/sensemirar.blogspot.com.es\/search\/label\/perfil\" target=\"_blank\" rel=\"noopener\"><span style=\"color: #000000;\"><strong>enlla\u00e7<\/strong><\/span><\/a>.<\/p>\n<div id='gallery-1' class='gallery galleryid-1202 gallery-columns-6 gallery-size-thumbnail'><figure class='gallery-item'>\n\t\t\t<div class='gallery-icon landscape'>\n\t\t\t\t<a data-postid=\"fsg_post_1202\" data-imgid=\"615\" href='http:\/\/tonitugues.com\/wp-content\/uploads\/2015\/09\/toni_tugues_perfils_08.jpg'><img loading=\"lazy\" decoding=\"async\" width=\"150\" height=\"150\" src=\"http:\/\/tonitugues.com\/wp-content\/uploads\/2015\/09\/toni_tugues_perfils_08-150x150.jpg\" class=\"attachment-thumbnail size-thumbnail\" alt=\"\" sizes=\"auto, (max-width: 34.9rem) calc(100vw - 2rem), (max-width: 53rem) calc(8 * (100vw \/ 12)), (min-width: 53rem) calc(6 * (100vw \/ 12)), 100vw\" \/><\/a>\n\t\t\t<\/div><\/figure><figure class='gallery-item'>\n\t\t\t<div class='gallery-icon landscape'>\n\t\t\t\t<a data-postid=\"fsg_post_1202\" data-imgid=\"607\" href='http:\/\/tonitugues.com\/wp-content\/uploads\/2015\/09\/toni_tugues_perfils_00.jpg'><img loading=\"lazy\" decoding=\"async\" width=\"150\" height=\"150\" src=\"http:\/\/tonitugues.com\/wp-content\/uploads\/2015\/09\/toni_tugues_perfils_00-150x150.jpg\" class=\"attachment-thumbnail size-thumbnail\" alt=\"\" sizes=\"auto, (max-width: 34.9rem) calc(100vw - 2rem), (max-width: 53rem) calc(8 * (100vw \/ 12)), (min-width: 53rem) calc(6 * (100vw \/ 12)), 100vw\" \/><\/a>\n\t\t\t<\/div><\/figure><figure class='gallery-item'>\n\t\t\t<div class='gallery-icon landscape'>\n\t\t\t\t<a data-postid=\"fsg_post_1202\" data-imgid=\"612\" href='http:\/\/tonitugues.com\/wp-content\/uploads\/2015\/09\/toni_tugues_perfils_05.jpg'><img loading=\"lazy\" decoding=\"async\" width=\"150\" height=\"150\" src=\"http:\/\/tonitugues.com\/wp-content\/uploads\/2015\/09\/toni_tugues_perfils_05-150x150.jpg\" class=\"attachment-thumbnail size-thumbnail\" alt=\"\" sizes=\"auto, (max-width: 34.9rem) calc(100vw - 2rem), (max-width: 53rem) calc(8 * (100vw \/ 12)), (min-width: 53rem) calc(6 * (100vw \/ 12)), 100vw\" \/><\/a>\n\t\t\t<\/div><\/figure><figure class='gallery-item'>\n\t\t\t<div class='gallery-icon landscape'>\n\t\t\t\t<a data-postid=\"fsg_post_1202\" data-imgid=\"613\" href='http:\/\/tonitugues.com\/wp-content\/uploads\/2015\/09\/toni_tugues_perfils_06.jpg'><img loading=\"lazy\" decoding=\"async\" width=\"150\" height=\"150\" src=\"http:\/\/tonitugues.com\/wp-content\/uploads\/2015\/09\/toni_tugues_perfils_06-150x150.jpg\" class=\"attachment-thumbnail size-thumbnail\" alt=\"\" sizes=\"auto, (max-width: 34.9rem) calc(100vw - 2rem), (max-width: 53rem) calc(8 * (100vw \/ 12)), (min-width: 53rem) calc(6 * (100vw \/ 12)), 100vw\" \/><\/a>\n\t\t\t<\/div><\/figure><figure class='gallery-item'>\n\t\t\t<div class='gallery-icon landscape'>\n\t\t\t\t<a data-postid=\"fsg_post_1202\" data-imgid=\"608\" href='http:\/\/tonitugues.com\/wp-content\/uploads\/2015\/09\/toni_tugues_perfils_01.jpg'><img loading=\"lazy\" decoding=\"async\" width=\"150\" height=\"150\" src=\"http:\/\/tonitugues.com\/wp-content\/uploads\/2015\/09\/toni_tugues_perfils_01-150x150.jpg\" class=\"attachment-thumbnail size-thumbnail\" alt=\"\" sizes=\"auto, (max-width: 34.9rem) calc(100vw - 2rem), (max-width: 53rem) calc(8 * (100vw \/ 12)), (min-width: 53rem) calc(6 * (100vw \/ 12)), 100vw\" \/><\/a>\n\t\t\t<\/div><\/figure><figure class='gallery-item'>\n\t\t\t<div class='gallery-icon landscape'>\n\t\t\t\t<a data-postid=\"fsg_post_1202\" data-imgid=\"609\" href='http:\/\/tonitugues.com\/wp-content\/uploads\/2015\/09\/toni_tugues_perfils_02.jpg'><img loading=\"lazy\" decoding=\"async\" width=\"150\" height=\"150\" src=\"http:\/\/tonitugues.com\/wp-content\/uploads\/2015\/09\/toni_tugues_perfils_02-150x150.jpg\" class=\"attachment-thumbnail size-thumbnail\" alt=\"\" sizes=\"auto, (max-width: 34.9rem) calc(100vw - 2rem), (max-width: 53rem) calc(8 * (100vw \/ 12)), (min-width: 53rem) calc(6 * (100vw \/ 12)), 100vw\" \/><\/a>\n\t\t\t<\/div><\/figure><figure class='gallery-item'>\n\t\t\t<div class='gallery-icon landscape'>\n\t\t\t\t<a data-postid=\"fsg_post_1202\" data-imgid=\"611\" href='http:\/\/tonitugues.com\/wp-content\/uploads\/2015\/09\/toni_tugues_perfils_04.jpg'><img loading=\"lazy\" decoding=\"async\" width=\"150\" height=\"150\" src=\"http:\/\/tonitugues.com\/wp-content\/uploads\/2015\/09\/toni_tugues_perfils_04-150x150.jpg\" class=\"attachment-thumbnail size-thumbnail\" alt=\"\" sizes=\"auto, (max-width: 34.9rem) calc(100vw - 2rem), (max-width: 53rem) calc(8 * (100vw \/ 12)), (min-width: 53rem) calc(6 * (100vw \/ 12)), 100vw\" \/><\/a>\n\t\t\t<\/div><\/figure><figure class='gallery-item'>\n\t\t\t<div class='gallery-icon landscape'>\n\t\t\t\t<a data-postid=\"fsg_post_1202\" data-imgid=\"610\" href='http:\/\/tonitugues.com\/wp-content\/uploads\/2015\/09\/toni_tugues_perfils_03.jpg'><img loading=\"lazy\" decoding=\"async\" width=\"150\" height=\"150\" src=\"http:\/\/tonitugues.com\/wp-content\/uploads\/2015\/09\/toni_tugues_perfils_03-150x150.jpg\" class=\"attachment-thumbnail size-thumbnail\" alt=\"\" sizes=\"auto, (max-width: 34.9rem) calc(100vw - 2rem), (max-width: 53rem) calc(8 * (100vw \/ 12)), (min-width: 53rem) calc(6 * (100vw \/ 12)), 100vw\" \/><\/a>\n\t\t\t<\/div><\/figure><figure class='gallery-item'>\n\t\t\t<div class='gallery-icon landscape'>\n\t\t\t\t<a data-postid=\"fsg_post_1202\" data-imgid=\"614\" href='http:\/\/tonitugues.com\/wp-content\/uploads\/2015\/09\/toni_tugues_perfils_07.jpg'><img loading=\"lazy\" decoding=\"async\" width=\"150\" height=\"150\" src=\"http:\/\/tonitugues.com\/wp-content\/uploads\/2015\/09\/toni_tugues_perfils_07-150x150.jpg\" class=\"attachment-thumbnail size-thumbnail\" alt=\"\" sizes=\"auto, (max-width: 34.9rem) calc(100vw - 2rem), (max-width: 53rem) calc(8 * (100vw \/ 12)), (min-width: 53rem) calc(6 * (100vw \/ 12)), 100vw\" \/><\/a>\n\t\t\t<\/div><\/figure>\n\t\t<\/div>\n\n","protected":false},"excerpt":{"rendered":"<p>Aquesta secci\u00f3 \u00e9s per amor a l\u2019art. M\u2019explico. Quan tinc temps i puc fer coincidir l\u2019agenda amb algun amic o conegut,\u00a0m\u2019agrada fer-li una fotografia, que sempre \u00e9s m\u00e9s d\u2019una, i escriure una petita pinzellada de la seva vida. Sigui actual o passada. S\u00f3n sessions tranquil\u00b7les, de xarrera, d\u2019anar fent. Al final sempre surt una mirada, &hellip; <\/p>\n<p class=\"link-more\"><a href=\"http:\/\/tonitugues.com\/?page_id=1202\" class=\"more-link\">Seguir leyendo<span class=\"screen-reader-text\"> \u00abperfils\u00bb<\/span><\/a><\/p>\n","protected":false},"author":1,"featured_media":0,"parent":0,"menu_order":0,"comment_status":"closed","ping_status":"closed","template":"","meta":{"footnotes":""},"class_list":["post-1202","page","type-page","status-publish","hentry","entry"],"_links":{"self":[{"href":"http:\/\/tonitugues.com\/index.php?rest_route=\/wp\/v2\/pages\/1202","targetHints":{"allow":["GET"]}}],"collection":[{"href":"http:\/\/tonitugues.com\/index.php?rest_route=\/wp\/v2\/pages"}],"about":[{"href":"http:\/\/tonitugues.com\/index.php?rest_route=\/wp\/v2\/types\/page"}],"author":[{"embeddable":true,"href":"http:\/\/tonitugues.com\/index.php?rest_route=\/wp\/v2\/users\/1"}],"replies":[{"embeddable":true,"href":"http:\/\/tonitugues.com\/index.php?rest_route=%2Fwp%2Fv2%2Fcomments&post=1202"}],"version-history":[{"count":5,"href":"http:\/\/tonitugues.com\/index.php?rest_route=\/wp\/v2\/pages\/1202\/revisions"}],"predecessor-version":[{"id":1361,"href":"http:\/\/tonitugues.com\/index.php?rest_route=\/wp\/v2\/pages\/1202\/revisions\/1361"}],"wp:attachment":[{"href":"http:\/\/tonitugues.com\/index.php?rest_route=%2Fwp%2Fv2%2Fmedia&parent=1202"}],"curies":[{"name":"wp","href":"https:\/\/api.w.org\/{rel}","templated":true}]}}