{"id":1241,"date":"2023-03-07T20:05:33","date_gmt":"2023-03-07T19:05:33","guid":{"rendered":"http:\/\/tonitugues.com\/?page_id=1241"},"modified":"2023-03-07T20:09:00","modified_gmt":"2023-03-07T19:09:00","slug":"macro","status":"publish","type":"page","link":"http:\/\/tonitugues.com\/?page_id=1241","title":{"rendered":"macro"},"content":{"rendered":"<script>fsg_json['fsg_post_1241'] = [\n{id: 764, image: 'http:\/\/tonitugues.com\/wp-content\/uploads\/2015\/09\/toni_tugues_macro_13.jpg', extlink: '', thumb: 'http:\/\/tonitugues.com\/wp-content\/uploads\/2015\/09\/toni_tugues_macro_13-150x150.jpg', permalink: ''},\n{id: 754, image: 'http:\/\/tonitugues.com\/wp-content\/uploads\/2015\/09\/toni_tugues_macro_03.jpg', extlink: '', thumb: 'http:\/\/tonitugues.com\/wp-content\/uploads\/2015\/09\/toni_tugues_macro_03-150x150.jpg', permalink: ''},\n{id: 752, image: 'http:\/\/tonitugues.com\/wp-content\/uploads\/2015\/09\/toni_tugues_macro_01.jpg', extlink: '', thumb: 'http:\/\/tonitugues.com\/wp-content\/uploads\/2015\/09\/toni_tugues_macro_01-150x150.jpg', permalink: ''},\n{id: 755, image: 'http:\/\/tonitugues.com\/wp-content\/uploads\/2015\/09\/toni_tugues_macro_04.jpg', extlink: '', thumb: 'http:\/\/tonitugues.com\/wp-content\/uploads\/2015\/09\/toni_tugues_macro_04-150x150.jpg', permalink: ''},\n{id: 757, image: 'http:\/\/tonitugues.com\/wp-content\/uploads\/2015\/09\/toni_tugues_macro_06.jpg', extlink: '', thumb: 'http:\/\/tonitugues.com\/wp-content\/uploads\/2015\/09\/toni_tugues_macro_06-150x150.jpg', permalink: ''},\n{id: 762, image: 'http:\/\/tonitugues.com\/wp-content\/uploads\/2015\/09\/toni_tugues_macro_11.jpg', extlink: '', thumb: 'http:\/\/tonitugues.com\/wp-content\/uploads\/2015\/09\/toni_tugues_macro_11-150x150.jpg', permalink: ''},\n{id: 763, image: 'http:\/\/tonitugues.com\/wp-content\/uploads\/2015\/09\/toni_tugues_macro_12.jpg', extlink: '', thumb: 'http:\/\/tonitugues.com\/wp-content\/uploads\/2015\/09\/toni_tugues_macro_12-150x150.jpg', permalink: ''},\n{id: 756, image: 'http:\/\/tonitugues.com\/wp-content\/uploads\/2015\/09\/toni_tugues_macro_05.jpg', extlink: '', thumb: 'http:\/\/tonitugues.com\/wp-content\/uploads\/2015\/09\/toni_tugues_macro_05-150x150.jpg', permalink: ''},\n{id: 766, image: 'http:\/\/tonitugues.com\/wp-content\/uploads\/2015\/09\/toni_tugues_macro_15.jpg', extlink: '', thumb: 'http:\/\/tonitugues.com\/wp-content\/uploads\/2015\/09\/toni_tugues_macro_15-150x150.jpg', permalink: ''},\n{id: 759, image: 'http:\/\/tonitugues.com\/wp-content\/uploads\/2015\/09\/toni_tugues_macro_08.jpg', extlink: '', thumb: 'http:\/\/tonitugues.com\/wp-content\/uploads\/2015\/09\/toni_tugues_macro_08-150x150.jpg', permalink: ''},\n{id: 753, image: 'http:\/\/tonitugues.com\/wp-content\/uploads\/2015\/09\/toni_tugues_macro_02.jpg', extlink: '', thumb: 'http:\/\/tonitugues.com\/wp-content\/uploads\/2015\/09\/toni_tugues_macro_02-150x150.jpg', permalink: ''},\n{id: 767, image: 'http:\/\/tonitugues.com\/wp-content\/uploads\/2015\/09\/toni_tugues_macro_07.jpg', extlink: '', thumb: 'http:\/\/tonitugues.com\/wp-content\/uploads\/2015\/09\/toni_tugues_macro_07-150x150.jpg', permalink: ''},\n{id: 765, image: 'http:\/\/tonitugues.com\/wp-content\/uploads\/2015\/09\/toni_tugues_macro_14.jpg', extlink: '', thumb: 'http:\/\/tonitugues.com\/wp-content\/uploads\/2015\/09\/toni_tugues_macro_14-150x150.jpg', permalink: ''},\n{id: 760, image: 'http:\/\/tonitugues.com\/wp-content\/uploads\/2015\/09\/toni_tugues_macro_09.jpg', extlink: '', thumb: 'http:\/\/tonitugues.com\/wp-content\/uploads\/2015\/09\/toni_tugues_macro_09-150x150.jpg', permalink: ''},\n{id: 761, image: 'http:\/\/tonitugues.com\/wp-content\/uploads\/2015\/09\/toni_tugues_macro_10.jpg', extlink: '', thumb: 'http:\/\/tonitugues.com\/wp-content\/uploads\/2015\/09\/toni_tugues_macro_10-150x150.jpg', permalink: ''}\n];<\/script>\n<p>La fotografia macro ens descobreix els detalls del m\u00f3n.\u00a0S\u00f3n sempre\u00a0a la vista per\u00f2 de vegades, els objectes s\u00f3n tan petits, que passen absolutament desapercebuts.\u00a0Parts del cos, objectes, menjar, tot el que ens envolta t\u00e9 una textura per descobrir.<\/p>\n<p>Aqu\u00ed en tens uns exemples per qu\u00e8 te\u2019n\u00a0facis una idea. Un bracket, el\u00a0palmell i els artells d\u2019una m\u00e0, la fulla d\u2019un plataner, una\u00a0fresa de dentista, raspalls interdentals, un ull, un cotxet de tres cent\u00edmetres, una abella fregida pel sol, una moneda de 10 c\u00e8ntims d\u2019euro, la tensi\u00f3 d\u2019una corda de guitarra, un fil amb la seva agulla, unes barres de caramel i el contrallum d\u2019un pixallits.<\/p>\n<div id='gallery-1' class='gallery galleryid-1241 gallery-columns-6 gallery-size-thumbnail'><figure class='gallery-item'>\n\t\t\t<div class='gallery-icon landscape'>\n\t\t\t\t<a data-postid=\"fsg_post_1241\" data-imgid=\"764\" href='http:\/\/tonitugues.com\/wp-content\/uploads\/2015\/09\/toni_tugues_macro_13.jpg'><img loading=\"lazy\" decoding=\"async\" width=\"150\" height=\"150\" src=\"http:\/\/tonitugues.com\/wp-content\/uploads\/2015\/09\/toni_tugues_macro_13-150x150.jpg\" class=\"attachment-thumbnail size-thumbnail\" alt=\"\" srcset=\"http:\/\/tonitugues.com\/wp-content\/uploads\/2015\/09\/toni_tugues_macro_13-150x150.jpg 150w, http:\/\/tonitugues.com\/wp-content\/uploads\/2015\/09\/toni_tugues_macro_13-669x669.jpg 669w, http:\/\/tonitugues.com\/wp-content\/uploads\/2015\/09\/toni_tugues_macro_13-620x620.jpg 620w, http:\/\/tonitugues.com\/wp-content\/uploads\/2015\/09\/toni_tugues_macro_13-400x400.jpg 400w\" sizes=\"auto, (max-width: 34.9rem) calc(100vw - 2rem), (max-width: 53rem) calc(8 * (100vw \/ 12)), (min-width: 53rem) calc(6 * (100vw \/ 12)), 100vw\" \/><\/a>\n\t\t\t<\/div><\/figure><figure class='gallery-item'>\n\t\t\t<div class='gallery-icon landscape'>\n\t\t\t\t<a data-postid=\"fsg_post_1241\" data-imgid=\"754\" href='http:\/\/tonitugues.com\/wp-content\/uploads\/2015\/09\/toni_tugues_macro_03.jpg'><img loading=\"lazy\" decoding=\"async\" width=\"150\" height=\"150\" src=\"http:\/\/tonitugues.com\/wp-content\/uploads\/2015\/09\/toni_tugues_macro_03-150x150.jpg\" class=\"attachment-thumbnail size-thumbnail\" alt=\"\" sizes=\"auto, (max-width: 34.9rem) calc(100vw - 2rem), (max-width: 53rem) calc(8 * (100vw \/ 12)), (min-width: 53rem) calc(6 * (100vw \/ 12)), 100vw\" \/><\/a>\n\t\t\t<\/div><\/figure><figure class='gallery-item'>\n\t\t\t<div class='gallery-icon landscape'>\n\t\t\t\t<a data-postid=\"fsg_post_1241\" data-imgid=\"752\" href='http:\/\/tonitugues.com\/wp-content\/uploads\/2015\/09\/toni_tugues_macro_01.jpg'><img loading=\"lazy\" decoding=\"async\" width=\"150\" height=\"150\" src=\"http:\/\/tonitugues.com\/wp-content\/uploads\/2015\/09\/toni_tugues_macro_01-150x150.jpg\" class=\"attachment-thumbnail size-thumbnail\" alt=\"\" sizes=\"auto, (max-width: 34.9rem) calc(100vw - 2rem), (max-width: 53rem) calc(8 * (100vw \/ 12)), (min-width: 53rem) calc(6 * (100vw \/ 12)), 100vw\" \/><\/a>\n\t\t\t<\/div><\/figure><figure class='gallery-item'>\n\t\t\t<div class='gallery-icon landscape'>\n\t\t\t\t<a data-postid=\"fsg_post_1241\" data-imgid=\"755\" href='http:\/\/tonitugues.com\/wp-content\/uploads\/2015\/09\/toni_tugues_macro_04.jpg'><img loading=\"lazy\" decoding=\"async\" width=\"150\" height=\"150\" src=\"http:\/\/tonitugues.com\/wp-content\/uploads\/2015\/09\/toni_tugues_macro_04-150x150.jpg\" class=\"attachment-thumbnail size-thumbnail\" alt=\"\" sizes=\"auto, (max-width: 34.9rem) calc(100vw - 2rem), (max-width: 53rem) calc(8 * (100vw \/ 12)), (min-width: 53rem) calc(6 * (100vw \/ 12)), 100vw\" \/><\/a>\n\t\t\t<\/div><\/figure><figure class='gallery-item'>\n\t\t\t<div class='gallery-icon landscape'>\n\t\t\t\t<a data-postid=\"fsg_post_1241\" data-imgid=\"757\" href='http:\/\/tonitugues.com\/wp-content\/uploads\/2015\/09\/toni_tugues_macro_06.jpg'><img loading=\"lazy\" decoding=\"async\" width=\"150\" height=\"150\" src=\"http:\/\/tonitugues.com\/wp-content\/uploads\/2015\/09\/toni_tugues_macro_06-150x150.jpg\" class=\"attachment-thumbnail size-thumbnail\" alt=\"\" sizes=\"auto, (max-width: 34.9rem) calc(100vw - 2rem), (max-width: 53rem) calc(8 * (100vw \/ 12)), (min-width: 53rem) calc(6 * (100vw \/ 12)), 100vw\" \/><\/a>\n\t\t\t<\/div><\/figure><figure class='gallery-item'>\n\t\t\t<div class='gallery-icon landscape'>\n\t\t\t\t<a data-postid=\"fsg_post_1241\" data-imgid=\"762\" href='http:\/\/tonitugues.com\/wp-content\/uploads\/2015\/09\/toni_tugues_macro_11.jpg'><img loading=\"lazy\" decoding=\"async\" width=\"150\" height=\"150\" src=\"http:\/\/tonitugues.com\/wp-content\/uploads\/2015\/09\/toni_tugues_macro_11-150x150.jpg\" class=\"attachment-thumbnail size-thumbnail\" alt=\"\" sizes=\"auto, (max-width: 34.9rem) calc(100vw - 2rem), (max-width: 53rem) calc(8 * (100vw \/ 12)), (min-width: 53rem) calc(6 * (100vw \/ 12)), 100vw\" \/><\/a>\n\t\t\t<\/div><\/figure><figure class='gallery-item'>\n\t\t\t<div class='gallery-icon landscape'>\n\t\t\t\t<a data-postid=\"fsg_post_1241\" data-imgid=\"763\" href='http:\/\/tonitugues.com\/wp-content\/uploads\/2015\/09\/toni_tugues_macro_12.jpg'><img loading=\"lazy\" decoding=\"async\" width=\"150\" height=\"150\" src=\"http:\/\/tonitugues.com\/wp-content\/uploads\/2015\/09\/toni_tugues_macro_12-150x150.jpg\" class=\"attachment-thumbnail size-thumbnail\" alt=\"\" sizes=\"auto, (max-width: 34.9rem) calc(100vw - 2rem), (max-width: 53rem) calc(8 * (100vw \/ 12)), (min-width: 53rem) calc(6 * (100vw \/ 12)), 100vw\" \/><\/a>\n\t\t\t<\/div><\/figure><figure class='gallery-item'>\n\t\t\t<div class='gallery-icon landscape'>\n\t\t\t\t<a data-postid=\"fsg_post_1241\" data-imgid=\"756\" href='http:\/\/tonitugues.com\/wp-content\/uploads\/2015\/09\/toni_tugues_macro_05.jpg'><img loading=\"lazy\" decoding=\"async\" width=\"150\" height=\"150\" src=\"http:\/\/tonitugues.com\/wp-content\/uploads\/2015\/09\/toni_tugues_macro_05-150x150.jpg\" class=\"attachment-thumbnail size-thumbnail\" alt=\"\" sizes=\"auto, (max-width: 34.9rem) calc(100vw - 2rem), (max-width: 53rem) calc(8 * (100vw \/ 12)), (min-width: 53rem) calc(6 * (100vw \/ 12)), 100vw\" \/><\/a>\n\t\t\t<\/div><\/figure><figure class='gallery-item'>\n\t\t\t<div class='gallery-icon landscape'>\n\t\t\t\t<a data-postid=\"fsg_post_1241\" data-imgid=\"766\" href='http:\/\/tonitugues.com\/wp-content\/uploads\/2015\/09\/toni_tugues_macro_15.jpg'><img loading=\"lazy\" decoding=\"async\" width=\"150\" height=\"150\" src=\"http:\/\/tonitugues.com\/wp-content\/uploads\/2015\/09\/toni_tugues_macro_15-150x150.jpg\" class=\"attachment-thumbnail size-thumbnail\" alt=\"\" sizes=\"auto, (max-width: 34.9rem) calc(100vw - 2rem), (max-width: 53rem) calc(8 * (100vw \/ 12)), (min-width: 53rem) calc(6 * (100vw \/ 12)), 100vw\" \/><\/a>\n\t\t\t<\/div><\/figure><figure class='gallery-item'>\n\t\t\t<div class='gallery-icon landscape'>\n\t\t\t\t<a data-postid=\"fsg_post_1241\" data-imgid=\"759\" href='http:\/\/tonitugues.com\/wp-content\/uploads\/2015\/09\/toni_tugues_macro_08.jpg'><img loading=\"lazy\" decoding=\"async\" width=\"150\" height=\"150\" src=\"http:\/\/tonitugues.com\/wp-content\/uploads\/2015\/09\/toni_tugues_macro_08-150x150.jpg\" class=\"attachment-thumbnail size-thumbnail\" alt=\"\" sizes=\"auto, (max-width: 34.9rem) calc(100vw - 2rem), (max-width: 53rem) calc(8 * (100vw \/ 12)), (min-width: 53rem) calc(6 * (100vw \/ 12)), 100vw\" \/><\/a>\n\t\t\t<\/div><\/figure><figure class='gallery-item'>\n\t\t\t<div class='gallery-icon landscape'>\n\t\t\t\t<a data-postid=\"fsg_post_1241\" data-imgid=\"753\" href='http:\/\/tonitugues.com\/wp-content\/uploads\/2015\/09\/toni_tugues_macro_02.jpg'><img loading=\"lazy\" decoding=\"async\" width=\"150\" height=\"150\" src=\"http:\/\/tonitugues.com\/wp-content\/uploads\/2015\/09\/toni_tugues_macro_02-150x150.jpg\" class=\"attachment-thumbnail size-thumbnail\" alt=\"\" sizes=\"auto, (max-width: 34.9rem) calc(100vw - 2rem), (max-width: 53rem) calc(8 * (100vw \/ 12)), (min-width: 53rem) calc(6 * (100vw \/ 12)), 100vw\" \/><\/a>\n\t\t\t<\/div><\/figure><figure class='gallery-item'>\n\t\t\t<div class='gallery-icon landscape'>\n\t\t\t\t<a data-postid=\"fsg_post_1241\" data-imgid=\"767\" href='http:\/\/tonitugues.com\/wp-content\/uploads\/2015\/09\/toni_tugues_macro_07.jpg'><img loading=\"lazy\" decoding=\"async\" width=\"150\" height=\"150\" src=\"http:\/\/tonitugues.com\/wp-content\/uploads\/2015\/09\/toni_tugues_macro_07-150x150.jpg\" class=\"attachment-thumbnail size-thumbnail\" alt=\"\" sizes=\"auto, (max-width: 34.9rem) calc(100vw - 2rem), (max-width: 53rem) calc(8 * (100vw \/ 12)), (min-width: 53rem) calc(6 * (100vw \/ 12)), 100vw\" \/><\/a>\n\t\t\t<\/div><\/figure><figure class='gallery-item'>\n\t\t\t<div class='gallery-icon landscape'>\n\t\t\t\t<a data-postid=\"fsg_post_1241\" data-imgid=\"765\" href='http:\/\/tonitugues.com\/wp-content\/uploads\/2015\/09\/toni_tugues_macro_14.jpg'><img loading=\"lazy\" decoding=\"async\" width=\"150\" height=\"150\" src=\"http:\/\/tonitugues.com\/wp-content\/uploads\/2015\/09\/toni_tugues_macro_14-150x150.jpg\" class=\"attachment-thumbnail size-thumbnail\" alt=\"\" sizes=\"auto, (max-width: 34.9rem) calc(100vw - 2rem), (max-width: 53rem) calc(8 * (100vw \/ 12)), (min-width: 53rem) calc(6 * (100vw \/ 12)), 100vw\" \/><\/a>\n\t\t\t<\/div><\/figure><figure class='gallery-item'>\n\t\t\t<div class='gallery-icon landscape'>\n\t\t\t\t<a data-postid=\"fsg_post_1241\" data-imgid=\"760\" href='http:\/\/tonitugues.com\/wp-content\/uploads\/2015\/09\/toni_tugues_macro_09.jpg'><img loading=\"lazy\" decoding=\"async\" width=\"150\" height=\"150\" src=\"http:\/\/tonitugues.com\/wp-content\/uploads\/2015\/09\/toni_tugues_macro_09-150x150.jpg\" class=\"attachment-thumbnail size-thumbnail\" alt=\"\" sizes=\"auto, (max-width: 34.9rem) calc(100vw - 2rem), (max-width: 53rem) calc(8 * (100vw \/ 12)), (min-width: 53rem) calc(6 * (100vw \/ 12)), 100vw\" \/><\/a>\n\t\t\t<\/div><\/figure><figure class='gallery-item'>\n\t\t\t<div class='gallery-icon landscape'>\n\t\t\t\t<a data-postid=\"fsg_post_1241\" data-imgid=\"761\" href='http:\/\/tonitugues.com\/wp-content\/uploads\/2015\/09\/toni_tugues_macro_10.jpg'><img loading=\"lazy\" decoding=\"async\" width=\"150\" height=\"150\" src=\"http:\/\/tonitugues.com\/wp-content\/uploads\/2015\/09\/toni_tugues_macro_10-150x150.jpg\" class=\"attachment-thumbnail size-thumbnail\" alt=\"\" sizes=\"auto, (max-width: 34.9rem) calc(100vw - 2rem), (max-width: 53rem) calc(8 * (100vw \/ 12)), (min-width: 53rem) calc(6 * (100vw \/ 12)), 100vw\" \/><\/a>\n\t\t\t<\/div><\/figure>\n\t\t<\/div>\n\n","protected":false},"excerpt":{"rendered":"<p>La fotografia macro ens descobreix els detalls del m\u00f3n.\u00a0S\u00f3n sempre\u00a0a la vista per\u00f2 de vegades, els objectes s\u00f3n tan petits, que passen absolutament desapercebuts.\u00a0Parts del cos, objectes, menjar, tot el que ens envolta t\u00e9 una textura per descobrir. Aqu\u00ed en tens uns exemples per qu\u00e8 te\u2019n\u00a0facis una idea. Un bracket, el\u00a0palmell i els artells d\u2019una &hellip; <\/p>\n<p class=\"link-more\"><a href=\"http:\/\/tonitugues.com\/?page_id=1241\" class=\"more-link\">Seguir leyendo<span class=\"screen-reader-text\"> \u00abmacro\u00bb<\/span><\/a><\/p>\n","protected":false},"author":1,"featured_media":0,"parent":0,"menu_order":0,"comment_status":"closed","ping_status":"closed","template":"","meta":{"footnotes":""},"class_list":["post-1241","page","type-page","status-publish","hentry","entry"],"_links":{"self":[{"href":"http:\/\/tonitugues.com\/index.php?rest_route=\/wp\/v2\/pages\/1241","targetHints":{"allow":["GET"]}}],"collection":[{"href":"http:\/\/tonitugues.com\/index.php?rest_route=\/wp\/v2\/pages"}],"about":[{"href":"http:\/\/tonitugues.com\/index.php?rest_route=\/wp\/v2\/types\/page"}],"author":[{"embeddable":true,"href":"http:\/\/tonitugues.com\/index.php?rest_route=\/wp\/v2\/users\/1"}],"replies":[{"embeddable":true,"href":"http:\/\/tonitugues.com\/index.php?rest_route=%2Fwp%2Fv2%2Fcomments&post=1241"}],"version-history":[{"count":3,"href":"http:\/\/tonitugues.com\/index.php?rest_route=\/wp\/v2\/pages\/1241\/revisions"}],"predecessor-version":[{"id":1243,"href":"http:\/\/tonitugues.com\/index.php?rest_route=\/wp\/v2\/pages\/1241\/revisions\/1243"}],"wp:attachment":[{"href":"http:\/\/tonitugues.com\/index.php?rest_route=%2Fwp%2Fv2%2Fmedia&parent=1241"}],"curies":[{"name":"wp","href":"https:\/\/api.w.org\/{rel}","templated":true}]}}