{"id":15,"date":"2015-09-03T14:21:29","date_gmt":"2015-09-03T13:21:29","guid":{"rendered":"http:\/\/tonitugues.com\/?page_id=15"},"modified":"2023-03-09T16:09:45","modified_gmt":"2023-03-09T15:09:45","slug":"15-2","status":"publish","type":"page","link":"http:\/\/tonitugues.com\/?page_id=15","title":{"rendered":"@"},"content":{"rendered":"<p>Televisi\u00f3, fotografia digital i anal\u00f2gica, retoc fotogr\u00e0fic.. qualsevol consulta, comentari, dubte, idea o el que vulguis, pots contactar amb mi a trav\u00e9s d&#8217;aquest correu electr\u00f2nic: <strong>hola<\/strong> (arroba) <strong>tonitugues<\/strong> (punt) <strong>com <\/strong>..i en parlem.<\/p>\n<p>&nbsp;<\/p>\n","protected":false},"excerpt":{"rendered":"<p>Televisi\u00f3, fotografia digital i anal\u00f2gica, retoc fotogr\u00e0fic.. qualsevol consulta, comentari, dubte, idea o el que vulguis, pots contactar amb mi a trav\u00e9s d&#8217;aquest correu electr\u00f2nic: hola (arroba) tonitugues (punt) com ..i en parlem. &nbsp;<\/p>\n","protected":false},"author":1,"featured_media":0,"parent":0,"menu_order":0,"comment_status":"closed","ping_status":"closed","template":"","meta":{"footnotes":""},"class_list":["post-15","page","type-page","status-publish","hentry","entry"],"_links":{"self":[{"href":"http:\/\/tonitugues.com\/index.php?rest_route=\/wp\/v2\/pages\/15","targetHints":{"allow":["GET"]}}],"collection":[{"href":"http:\/\/tonitugues.com\/index.php?rest_route=\/wp\/v2\/pages"}],"about":[{"href":"http:\/\/tonitugues.com\/index.php?rest_route=\/wp\/v2\/types\/page"}],"author":[{"embeddable":true,"href":"http:\/\/tonitugues.com\/index.php?rest_route=\/wp\/v2\/users\/1"}],"replies":[{"embeddable":true,"href":"http:\/\/tonitugues.com\/index.php?rest_route=%2Fwp%2Fv2%2Fcomments&post=15"}],"version-history":[{"count":160,"href":"http:\/\/tonitugues.com\/index.php?rest_route=\/wp\/v2\/pages\/15\/revisions"}],"predecessor-version":[{"id":1346,"href":"http:\/\/tonitugues.com\/index.php?rest_route=\/wp\/v2\/pages\/15\/revisions\/1346"}],"wp:attachment":[{"href":"http:\/\/tonitugues.com\/index.php?rest_route=%2Fwp%2Fv2%2Fmedia&parent=15"}],"curies":[{"name":"wp","href":"https:\/\/api.w.org\/{rel}","templated":true}]}}